{"id":3564,"date":"2022-12-04T06:59:48","date_gmt":"2022-12-04T05:59:48","guid":{"rendered":"https:\/\/neumetall.hu\/?page_id=3564"},"modified":"2022-12-15T14:16:42","modified_gmt":"2022-12-15T13:16:42","slug":"acel-aluminium-wpc-kapuk-es-keritesek","status":"publish","type":"page","link":"https:\/\/neumetall.hu\/?page_id=3564","title":{"rendered":"Kapuk \u00e9s ker\u00edt\u00e9sek &#8211; Ac\u00e9l, alum\u00ednium, WPC"},"content":{"rendered":"<p>[vc_row][vc_column][vc_column_text css_animation=&#8221;appear&#8221;]Az ac\u00e9l, alum\u00ednium \u00e9s WPC anyagokb\u00f3l gy\u00e1rtott elemek k\u00f6z\u00f6s jellemz\u0151je, hogy fel\u00fcletkezel\u00e9s, csiszol\u00e1s, \u00fajrafest\u00e9s, karbantart\u00e1s n\u00e9lk\u00fcl is hossz\u00fa t\u00e1von meg\u0151rzik min\u0151s\u00e9g\u00fcket. A WPC term\u00e9kek, wood-plastic composite term\u00e9kek, teh\u00e1t fa-m\u0171anyag kompozit, amely farostb\u00f3l, h\u0151re l\u00e1gyul\u00f3 m\u0171anyagb\u00f3l \u00e9s egy\u00e9b adal\u00e9kanyagokb\u00f3l \u00e1llnak \u00f6ssze, ezeket nagy nyom\u00e1s \u00e9s h\u0151m\u00e9rs\u00e9klet alatt pr\u00e9selik. Magas fatartalma miatt eszt\u00e9tikus fahat\u00e1s\u00fa megjelen\u00e9st is v\u00e1laszthatunk, ami m\u0171anyagtartalm\u00e1nak k\u00f6sz\u00f6nhet\u0151en, a f\u00e1val szemben, id\u0151t\u00e1ll\u00f3.[\/vc_column_text][\/vc_column][\/vc_row][vc_row][vc_column][vc_separator][\/vc_column][\/vc_row][vc_row][vc_column width=&#8221;1\/2&#8243;][vc_column_text css_animation=&#8221;appear&#8221;]Az ac\u00e9l, az alum\u00ednium \u00e9s WPC kapuk \u00e9s ker\u00edt\u00e9sek ellen\u00e1llnak a sz\u00e9ls\u0151s\u00e9ges id\u0151j\u00e1r\u00e1snak, valamint megfelel\u0151 fel\u00fcletkezel\u00e9ssel az UV-sug\u00e1rz\u00e1snak is, \u00e9s a hagyom\u00e1nyos f\u00e9mmegold\u00e1sokkal szemben rozsdamentesek. A k\u00fcl\u00f6nb\u00f6z\u0151 elemek vari\u00e1lhat\u00f3s\u00e1g\u00e1nak k\u00f6sz\u00f6nhet\u0151en v\u00e1laszthatunk betekint\u00e9sg\u00e1tl\u00f3, teljesen z\u00e1rt, valamint v\u00edzszintes vagy f\u00fcgg\u0151leges tagol\u00e1s\u00fa ker\u00edt\u00e9st. Az ac\u00e9l, alum\u00ednium \u00e9s WPC kapuk \u00e9s ker\u00edt\u00e9selemek k\u00f6nnyen tiszt\u00edthat\u00f3ak, semmilyen speci\u00e1lis tiszt\u00edt\u00f3szert nem ig\u00e9nyelnek, valamint b\u00e1rmif\u00e9le fel\u00fcletkezel\u00e9s n\u00e9lk\u00fcl is id\u0151t\u00e1ll\u00f3ak \u00e9s hossz\u00fa \u00e9lettartalm\u00faak. K\u00f6sz\u00f6nhet\u0151en a felhaszn\u00e1lt anyagoknak, a fenti megold\u00e1sok a fenntarthat\u00f3s\u00e1g szempontj\u00e1b\u00f3l is j\u00f3l teljes\u00edtenek, hiszen m\u00edg egy hagyom\u00e1nyos faker\u00edt\u00e9s n\u00e9h\u00e1ny \u00e9v alatt meg\u00e9rik a cser\u00e9re, \u00fagy egy ac\u00e9l, alum\u00ednium vagy WPC kapu \u00e9s ker\u00edt\u00e9s eset\u00e9n \u00e9vekkel hosszabbra tervezhet\u00fcnk.[\/vc_column_text][\/vc_column][vc_column width=&#8221;1\/2&#8243;][vc_single_image image=&#8221;4596&#8243; img_size=&#8221;large&#8221; alignment=&#8221;center&#8221; onclick=&#8221;img_link_large&#8221; img_link_target=&#8221;_blank&#8221; css_animation=&#8221;appear&#8221;][\/vc_column][\/vc_row]<\/p>\n","protected":false},"excerpt":{"rendered":"<p>[vc_row][vc_column][vc_column_text css_animation=&#8221;appear&#8221;]Az ac\u00e9l, alum\u00ednium \u00e9s WPC anyagokb\u00f3l gy\u00e1rtott elemek k\u00f6z\u00f6s jellemz\u0151je, hogy fel\u00fcletkezel\u00e9s, csiszol\u00e1s, \u00fajrafest\u00e9s, karbantart\u00e1s n\u00e9lk\u00fcl is hossz\u00fa t\u00e1von meg\u0151rzik min\u0151s\u00e9g\u00fcket. A WPC term\u00e9kek, wood-plastic composite term\u00e9kek, teh\u00e1t fa-m\u0171anyag&#8230;<\/p>\n","protected":false},"author":4,"featured_media":0,"parent":3288,"menu_order":0,"comment_status":"closed","ping_status":"closed","template":"","meta":{"footnotes":""},"class_list":["post-3564","page","type-page","status-publish","hentry"],"yoast_head":"<!-- This site is optimized with the Yoast SEO plugin v20.2 - https:\/\/yoast.com\/wordpress\/plugins\/seo\/ -->\n<title>Kapuk \u00e9s ker\u00edt\u00e9sek - Ac\u00e9l, alum\u00ednium, WPC - Neu Metall-Struktur F\u00e9mipari Kft.<\/title>\n<meta name=\"robots\" content=\"index, follow, max-snippet:-1, max-image-preview:large, max-video-preview:-1\" \/>\n<link rel=\"canonical\" href=\"https:\/\/neumetall.hu\/?page_id=3564\" \/>\n<meta property=\"og:locale\" content=\"hu_HU\" \/>\n<meta property=\"og:type\" content=\"article\" \/>\n<meta property=\"og:title\" content=\"Kapuk \u00e9s ker\u00edt\u00e9sek - Ac\u00e9l, alum\u00ednium, WPC - Neu Metall-Struktur F\u00e9mipari Kft.\" \/>\n<meta property=\"og:description\" content=\"[vc_row][vc_column][vc_column_text css_animation=&#8221;appear&#8221;]Az ac\u00e9l, alum\u00ednium \u00e9s WPC anyagokb\u00f3l gy\u00e1rtott elemek k\u00f6z\u00f6s jellemz\u0151je, hogy fel\u00fcletkezel\u00e9s, csiszol\u00e1s, \u00fajrafest\u00e9s, karbantart\u00e1s n\u00e9lk\u00fcl is hossz\u00fa t\u00e1von meg\u0151rzik min\u0151s\u00e9g\u00fcket. A WPC term\u00e9kek, wood-plastic composite term\u00e9kek, teh\u00e1t fa-m\u0171anyag...\" \/>\n<meta property=\"og:url\" content=\"https:\/\/neumetall.hu\/?page_id=3564\" \/>\n<meta property=\"og:site_name\" content=\"Neu Metall-Struktur F\u00e9mipari Kft.\" \/>\n<meta property=\"article:publisher\" content=\"https:\/\/www.facebook.com\/Metall.Struktur\" \/>\n<meta property=\"article:modified_time\" content=\"2022-12-15T13:16:42+00:00\" \/>\n<meta name=\"twitter:card\" content=\"summary_large_image\" \/>\n<meta name=\"twitter:label1\" content=\"Becs\u00fclt olvas\u00e1si id\u0151\" \/>\n\t<meta name=\"twitter:data1\" content=\"2 perc\" \/>\n<script type=\"application\/ld+json\" class=\"yoast-schema-graph\">{\"@context\":\"https:\/\/schema.org\",\"@graph\":[{\"@type\":\"WebPage\",\"@id\":\"https:\/\/neumetall.hu\/?page_id=3564\",\"url\":\"https:\/\/neumetall.hu\/?page_id=3564\",\"name\":\"Kapuk \u00e9s ker\u00edt\u00e9sek - Ac\u00e9l, alum\u00ednium, WPC - Neu Metall-Struktur F\u00e9mipari Kft.\",\"isPartOf\":{\"@id\":\"https:\/\/neumetall.hu\/#website\"},\"datePublished\":\"2022-12-04T05:59:48+00:00\",\"dateModified\":\"2022-12-15T13:16:42+00:00\",\"breadcrumb\":{\"@id\":\"https:\/\/neumetall.hu\/?page_id=3564#breadcrumb\"},\"inLanguage\":\"hu\",\"potentialAction\":[{\"@type\":\"ReadAction\",\"target\":[\"https:\/\/neumetall.hu\/?page_id=3564\"]}]},{\"@type\":\"BreadcrumbList\",\"@id\":\"https:\/\/neumetall.hu\/?page_id=3564#breadcrumb\",\"itemListElement\":[{\"@type\":\"ListItem\",\"position\":1,\"name\":\"Kezd\u0151lap\",\"item\":\"https:\/\/neumetall.hu\/\"},{\"@type\":\"ListItem\",\"position\":2,\"name\":\"Homepage\",\"item\":\"https:\/\/neumetall.hu\/\"},{\"@type\":\"ListItem\",\"position\":3,\"name\":\"Szolg\u00e1ltat\u00e1sok\",\"item\":\"https:\/\/neumetall.hu\/?page_id=3288\"},{\"@type\":\"ListItem\",\"position\":4,\"name\":\"Kapuk \u00e9s ker\u00edt\u00e9sek &#8211; Ac\u00e9l, alum\u00ednium, WPC\"}]},{\"@type\":\"WebSite\",\"@id\":\"https:\/\/neumetall.hu\/#website\",\"url\":\"https:\/\/neumetall.hu\/\",\"name\":\"Neu Metall-Struktur F\u00e9mipari Kft.\",\"description\":\"F\u00e9mszerkezetek gy\u00e1rt\u00e1sa \u00e9s \u00e9p\u00edt\u00e9se\",\"publisher\":{\"@id\":\"https:\/\/neumetall.hu\/#organization\"},\"potentialAction\":[{\"@type\":\"SearchAction\",\"target\":{\"@type\":\"EntryPoint\",\"urlTemplate\":\"https:\/\/neumetall.hu\/?s={search_term_string}\"},\"query-input\":\"required name=search_term_string\"}],\"inLanguage\":\"hu\"},{\"@type\":\"Organization\",\"@id\":\"https:\/\/neumetall.hu\/#organization\",\"name\":\"Neu Metall-Struktur F\u00e9mipari Kft.\",\"url\":\"https:\/\/neumetall.hu\/\",\"logo\":{\"@type\":\"ImageObject\",\"inLanguage\":\"hu\",\"@id\":\"https:\/\/neumetall.hu\/#\/schema\/logo\/image\/\",\"url\":\"https:\/\/neumetall.hu\/wp-content\/uploads\/2022\/08\/neu-metall-struktur-logo-190-e1670235279336.png\",\"contentUrl\":\"https:\/\/neumetall.hu\/wp-content\/uploads\/2022\/08\/neu-metall-struktur-logo-190-e1670235279336.png\",\"width\":100,\"height\":100,\"caption\":\"Neu Metall-Struktur F\u00e9mipari Kft.\"},\"image\":{\"@id\":\"https:\/\/neumetall.hu\/#\/schema\/logo\/image\/\"},\"sameAs\":[\"https:\/\/www.facebook.com\/Metall.Struktur\"]}]}<\/script>\n<!-- \/ Yoast SEO plugin. -->","yoast_head_json":{"title":"Kapuk \u00e9s ker\u00edt\u00e9sek - Ac\u00e9l, alum\u00ednium, WPC - Neu Metall-Struktur F\u00e9mipari Kft.","robots":{"index":"index","follow":"follow","max-snippet":"max-snippet:-1","max-image-preview":"max-image-preview:large","max-video-preview":"max-video-preview:-1"},"canonical":"https:\/\/neumetall.hu\/?page_id=3564","og_locale":"hu_HU","og_type":"article","og_title":"Kapuk \u00e9s ker\u00edt\u00e9sek - Ac\u00e9l, alum\u00ednium, WPC - Neu Metall-Struktur F\u00e9mipari Kft.","og_description":"[vc_row][vc_column][vc_column_text css_animation=&#8221;appear&#8221;]Az ac\u00e9l, alum\u00ednium \u00e9s WPC anyagokb\u00f3l gy\u00e1rtott elemek k\u00f6z\u00f6s jellemz\u0151je, hogy fel\u00fcletkezel\u00e9s, csiszol\u00e1s, \u00fajrafest\u00e9s, karbantart\u00e1s n\u00e9lk\u00fcl is hossz\u00fa t\u00e1von meg\u0151rzik min\u0151s\u00e9g\u00fcket. A WPC term\u00e9kek, wood-plastic composite term\u00e9kek, teh\u00e1t fa-m\u0171anyag...","og_url":"https:\/\/neumetall.hu\/?page_id=3564","og_site_name":"Neu Metall-Struktur F\u00e9mipari Kft.","article_publisher":"https:\/\/www.facebook.com\/Metall.Struktur","article_modified_time":"2022-12-15T13:16:42+00:00","twitter_card":"summary_large_image","twitter_misc":{"Becs\u00fclt olvas\u00e1si id\u0151":"2 perc"},"schema":{"@context":"https:\/\/schema.org","@graph":[{"@type":"WebPage","@id":"https:\/\/neumetall.hu\/?page_id=3564","url":"https:\/\/neumetall.hu\/?page_id=3564","name":"Kapuk \u00e9s ker\u00edt\u00e9sek - Ac\u00e9l, alum\u00ednium, WPC - Neu Metall-Struktur F\u00e9mipari Kft.","isPartOf":{"@id":"https:\/\/neumetall.hu\/#website"},"datePublished":"2022-12-04T05:59:48+00:00","dateModified":"2022-12-15T13:16:42+00:00","breadcrumb":{"@id":"https:\/\/neumetall.hu\/?page_id=3564#breadcrumb"},"inLanguage":"hu","potentialAction":[{"@type":"ReadAction","target":["https:\/\/neumetall.hu\/?page_id=3564"]}]},{"@type":"BreadcrumbList","@id":"https:\/\/neumetall.hu\/?page_id=3564#breadcrumb","itemListElement":[{"@type":"ListItem","position":1,"name":"Kezd\u0151lap","item":"https:\/\/neumetall.hu\/"},{"@type":"ListItem","position":2,"name":"Homepage","item":"https:\/\/neumetall.hu\/"},{"@type":"ListItem","position":3,"name":"Szolg\u00e1ltat\u00e1sok","item":"https:\/\/neumetall.hu\/?page_id=3288"},{"@type":"ListItem","position":4,"name":"Kapuk \u00e9s ker\u00edt\u00e9sek &#8211; Ac\u00e9l, alum\u00ednium, WPC"}]},{"@type":"WebSite","@id":"https:\/\/neumetall.hu\/#website","url":"https:\/\/neumetall.hu\/","name":"Neu Metall-Struktur F\u00e9mipari Kft.","description":"F\u00e9mszerkezetek gy\u00e1rt\u00e1sa \u00e9s \u00e9p\u00edt\u00e9se","publisher":{"@id":"https:\/\/neumetall.hu\/#organization"},"potentialAction":[{"@type":"SearchAction","target":{"@type":"EntryPoint","urlTemplate":"https:\/\/neumetall.hu\/?s={search_term_string}"},"query-input":"required name=search_term_string"}],"inLanguage":"hu"},{"@type":"Organization","@id":"https:\/\/neumetall.hu\/#organization","name":"Neu Metall-Struktur F\u00e9mipari Kft.","url":"https:\/\/neumetall.hu\/","logo":{"@type":"ImageObject","inLanguage":"hu","@id":"https:\/\/neumetall.hu\/#\/schema\/logo\/image\/","url":"https:\/\/neumetall.hu\/wp-content\/uploads\/2022\/08\/neu-metall-struktur-logo-190-e1670235279336.png","contentUrl":"https:\/\/neumetall.hu\/wp-content\/uploads\/2022\/08\/neu-metall-struktur-logo-190-e1670235279336.png","width":100,"height":100,"caption":"Neu Metall-Struktur F\u00e9mipari Kft."},"image":{"@id":"https:\/\/neumetall.hu\/#\/schema\/logo\/image\/"},"sameAs":["https:\/\/www.facebook.com\/Metall.Struktur"]}]}},"_links":{"self":[{"href":"https:\/\/neumetall.hu\/index.php?rest_route=\/wp\/v2\/pages\/3564","targetHints":{"allow":["GET"]}}],"collection":[{"href":"https:\/\/neumetall.hu\/index.php?rest_route=\/wp\/v2\/pages"}],"about":[{"href":"https:\/\/neumetall.hu\/index.php?rest_route=\/wp\/v2\/types\/page"}],"author":[{"embeddable":true,"href":"https:\/\/neumetall.hu\/index.php?rest_route=\/wp\/v2\/users\/4"}],"replies":[{"embeddable":true,"href":"https:\/\/neumetall.hu\/index.php?rest_route=%2Fwp%2Fv2%2Fcomments&post=3564"}],"version-history":[{"count":9,"href":"https:\/\/neumetall.hu\/index.php?rest_route=\/wp\/v2\/pages\/3564\/revisions"}],"predecessor-version":[{"id":5561,"href":"https:\/\/neumetall.hu\/index.php?rest_route=\/wp\/v2\/pages\/3564\/revisions\/5561"}],"up":[{"embeddable":true,"href":"https:\/\/neumetall.hu\/index.php?rest_route=\/wp\/v2\/pages\/3288"}],"wp:attachment":[{"href":"https:\/\/neumetall.hu\/index.php?rest_route=%2Fwp%2Fv2%2Fmedia&parent=3564"}],"curies":[{"name":"wp","href":"https:\/\/api.w.org\/{rel}","templated":true}]}}