{"id":3570,"date":"2022-12-04T07:07:44","date_gmt":"2022-12-04T06:07:44","guid":{"rendered":"https:\/\/neumetall.hu\/?page_id=3570"},"modified":"2022-12-15T14:17:16","modified_gmt":"2022-12-15T13:17:16","slug":"fem-lepcsok-korlatok","status":"publish","type":"page","link":"https:\/\/neumetall.hu\/?page_id=3570","title":{"rendered":"F\u00e9m l\u00e9pcs\u0151k, korl\u00e1tok"},"content":{"rendered":"<p>[vc_row][vc_column][vc_column_text css_animation=&#8221;appear&#8221;]A f\u00e9m l\u00e9pcs\u0151knek sz\u00e1mos megjelen\u00e9si form\u00e1j\u00e1t v\u00e1laszthatjuk. K\u00e9rhet\u00fcnk z\u00e1rtszelv\u00e9nyb\u0151l hegesztett vagy hajl\u00edtott l\u00e9pcs\u0151t, esetleg a hagyom\u00e1nyos st\u00edlust kedvel\u0151k kov\u00e1csolt vasb\u00f3l, vagy az \u00fagynevezett lebeg\u0151 l\u00e9pcs\u0151t, amely azt a l\u00e1tszatot kelti, hogy a l\u00e9pcs\u0151fokok egyenesen a falb\u00f3l \u00e1llnak ki.<br \/>\nA jelenleg sz\u00e9les k\u00f6rben elterjedt industrial st\u00edlus kedvel\u0151inek k\u00fcl\u00f6n\u00f6sen j\u00f3 v\u00e1laszt\u00e1s lehet egy modern megjelen\u00e9s\u0171 ac\u00e9l, vagy egy\u00e9b f\u00e9mb\u0151l k\u00e9sz\u00fclt megold\u00e1s.<br \/>\nF\u00e9mkorl\u00e1tok eset\u00e9ben t\u00f6bb anyag k\u00f6z\u00fcl is v\u00e1laszthatunk, leggyakrabban az alum\u00edniumra, a rozsdamentes ac\u00e9lra \u00e9s a vasra esik a v\u00e1laszt\u00e1s. Az alum\u00ednium korl\u00e1t tal\u00e1n a legelterjedtebb a h\u00e1rom k\u00f6z\u00fcl, tekintve hogy a legkedvez\u0151bb \u00e1ron kaphatunk meg egy hossz\u00fa t\u00e1von kitart\u00f3 min\u0151s\u00e9get.[\/vc_column_text][\/vc_column][\/vc_row][vc_row][vc_column][vc_separator][\/vc_column][\/vc_row][vc_row][vc_column width=&#8221;1\/2&#8243;][vc_column_text css_animation=&#8221;appear&#8221;]A f\u00e9mszerkezet\u0171 l\u00e9pcs\u0151k biztons\u00e1gosak \u00e9s strapab\u00edr\u00f3ak, id\u0151j\u00e1r\u00e1s\u00e1ll\u00f3ak, ellen\u00e1llnak ak\u00e1r a f\u00f6ldreng\u00e9snek is, nem repednek el, k\u00f6zel 100%-os stabilit\u00e1ssal b\u00edrnak. Egy beton vagy fa szerkezethez k\u00e9pest egy megfelel\u0151en r\u00f6gz\u00edtett f\u00e9mszerkezet\u0171 l\u00e9pcs\u0151nek igen csek\u00e9ly a leszakad\u00e1si lehet\u0151s\u00e9ge, az alkot\u00f3elemek \u00e1ltal\u00e1ban hegeszt\u00e9ssel vagy t\u00falm\u00e9retezett csavarokkal vannak r\u00f6gz\u00edtve egym\u00e1shoz. Egyszer\u0171en szerelhet\u0151k \u00e9s nem sz\u00fcks\u00e9ges \u00e9vente \u00fajrafesteni \u0151ket. A f\u00e9mfel\u00fcletek k\u00f6z\u00f6s jellemz\u0151je, hogy megfelel\u0151 korr\u00f3zi\u00f3 elleni v\u00e9delemmel hossz\u00fa \u00e9vtizedekkel sz\u00e1molhatunk az \u00e9lettartamukat tekintve, mind a belt\u00e9ri, mind a k\u00fclt\u00e9ri l\u00e9pcs\u0151k \u00e9s korl\u00e1tok eset\u00e9n.[\/vc_column_text][\/vc_column][vc_column width=&#8221;1\/4&#8243;][vc_single_image image=&#8221;4502&#8243; img_size=&#8221;medium&#8221; alignment=&#8221;center&#8221; onclick=&#8221;img_link_large&#8221; img_link_target=&#8221;_blank&#8221; css_animation=&#8221;appear&#8221;][\/vc_column][vc_column width=&#8221;1\/4&#8243;][vc_single_image image=&#8221;4516&#8243; img_size=&#8221;medium&#8221; alignment=&#8221;center&#8221; onclick=&#8221;img_link_large&#8221; img_link_target=&#8221;_blank&#8221; css_animation=&#8221;appear&#8221;][\/vc_column][\/vc_row]<\/p>\n","protected":false},"excerpt":{"rendered":"<p>[vc_row][vc_column][vc_column_text css_animation=&#8221;appear&#8221;]A f\u00e9m l\u00e9pcs\u0151knek sz\u00e1mos megjelen\u00e9si form\u00e1j\u00e1t v\u00e1laszthatjuk. K\u00e9rhet\u00fcnk z\u00e1rtszelv\u00e9nyb\u0151l hegesztett vagy hajl\u00edtott l\u00e9pcs\u0151t, esetleg a hagyom\u00e1nyos st\u00edlust kedvel\u0151k kov\u00e1csolt vasb\u00f3l, vagy az \u00fagynevezett lebeg\u0151 l\u00e9pcs\u0151t, amely azt a l\u00e1tszatot&#8230;<\/p>\n","protected":false},"author":4,"featured_media":0,"parent":3288,"menu_order":0,"comment_status":"closed","ping_status":"closed","template":"","meta":{"footnotes":""},"class_list":["post-3570","page","type-page","status-publish","hentry"],"yoast_head":"<!-- This site is optimized with the Yoast SEO plugin v20.2 - https:\/\/yoast.com\/wordpress\/plugins\/seo\/ -->\n<title>F\u00e9m l\u00e9pcs\u0151k, korl\u00e1tok - Neu Metall-Struktur F\u00e9mipari Kft.<\/title>\n<meta name=\"robots\" content=\"index, follow, max-snippet:-1, max-image-preview:large, max-video-preview:-1\" \/>\n<link rel=\"canonical\" href=\"https:\/\/neumetall.hu\/?page_id=3570\" \/>\n<meta property=\"og:locale\" content=\"hu_HU\" \/>\n<meta property=\"og:type\" content=\"article\" \/>\n<meta property=\"og:title\" content=\"F\u00e9m l\u00e9pcs\u0151k, korl\u00e1tok - Neu Metall-Struktur F\u00e9mipari Kft.\" \/>\n<meta property=\"og:description\" content=\"[vc_row][vc_column][vc_column_text css_animation=&#8221;appear&#8221;]A f\u00e9m l\u00e9pcs\u0151knek sz\u00e1mos megjelen\u00e9si form\u00e1j\u00e1t v\u00e1laszthatjuk. K\u00e9rhet\u00fcnk z\u00e1rtszelv\u00e9nyb\u0151l hegesztett vagy hajl\u00edtott l\u00e9pcs\u0151t, esetleg a hagyom\u00e1nyos st\u00edlust kedvel\u0151k kov\u00e1csolt vasb\u00f3l, vagy az \u00fagynevezett lebeg\u0151 l\u00e9pcs\u0151t, amely azt a l\u00e1tszatot...\" \/>\n<meta property=\"og:url\" content=\"https:\/\/neumetall.hu\/?page_id=3570\" \/>\n<meta property=\"og:site_name\" content=\"Neu Metall-Struktur F\u00e9mipari Kft.\" \/>\n<meta property=\"article:publisher\" content=\"https:\/\/www.facebook.com\/Metall.Struktur\" \/>\n<meta property=\"article:modified_time\" content=\"2022-12-15T13:17:16+00:00\" \/>\n<meta name=\"twitter:card\" content=\"summary_large_image\" \/>\n<meta name=\"twitter:label1\" content=\"Becs\u00fclt olvas\u00e1si id\u0151\" \/>\n\t<meta name=\"twitter:data1\" content=\"2 perc\" \/>\n<script type=\"application\/ld+json\" class=\"yoast-schema-graph\">{\"@context\":\"https:\/\/schema.org\",\"@graph\":[{\"@type\":\"WebPage\",\"@id\":\"https:\/\/neumetall.hu\/?page_id=3570\",\"url\":\"https:\/\/neumetall.hu\/?page_id=3570\",\"name\":\"F\u00e9m l\u00e9pcs\u0151k, korl\u00e1tok - Neu Metall-Struktur F\u00e9mipari Kft.\",\"isPartOf\":{\"@id\":\"https:\/\/neumetall.hu\/#website\"},\"datePublished\":\"2022-12-04T06:07:44+00:00\",\"dateModified\":\"2022-12-15T13:17:16+00:00\",\"breadcrumb\":{\"@id\":\"https:\/\/neumetall.hu\/?page_id=3570#breadcrumb\"},\"inLanguage\":\"hu\",\"potentialAction\":[{\"@type\":\"ReadAction\",\"target\":[\"https:\/\/neumetall.hu\/?page_id=3570\"]}]},{\"@type\":\"BreadcrumbList\",\"@id\":\"https:\/\/neumetall.hu\/?page_id=3570#breadcrumb\",\"itemListElement\":[{\"@type\":\"ListItem\",\"position\":1,\"name\":\"Kezd\u0151lap\",\"item\":\"https:\/\/neumetall.hu\/\"},{\"@type\":\"ListItem\",\"position\":2,\"name\":\"Homepage\",\"item\":\"https:\/\/neumetall.hu\/\"},{\"@type\":\"ListItem\",\"position\":3,\"name\":\"Szolg\u00e1ltat\u00e1sok\",\"item\":\"https:\/\/neumetall.hu\/?page_id=3288\"},{\"@type\":\"ListItem\",\"position\":4,\"name\":\"F\u00e9m l\u00e9pcs\u0151k, korl\u00e1tok\"}]},{\"@type\":\"WebSite\",\"@id\":\"https:\/\/neumetall.hu\/#website\",\"url\":\"https:\/\/neumetall.hu\/\",\"name\":\"Neu Metall-Struktur F\u00e9mipari Kft.\",\"description\":\"F\u00e9mszerkezetek gy\u00e1rt\u00e1sa \u00e9s \u00e9p\u00edt\u00e9se\",\"publisher\":{\"@id\":\"https:\/\/neumetall.hu\/#organization\"},\"potentialAction\":[{\"@type\":\"SearchAction\",\"target\":{\"@type\":\"EntryPoint\",\"urlTemplate\":\"https:\/\/neumetall.hu\/?s={search_term_string}\"},\"query-input\":\"required name=search_term_string\"}],\"inLanguage\":\"hu\"},{\"@type\":\"Organization\",\"@id\":\"https:\/\/neumetall.hu\/#organization\",\"name\":\"Neu Metall-Struktur F\u00e9mipari Kft.\",\"url\":\"https:\/\/neumetall.hu\/\",\"logo\":{\"@type\":\"ImageObject\",\"inLanguage\":\"hu\",\"@id\":\"https:\/\/neumetall.hu\/#\/schema\/logo\/image\/\",\"url\":\"https:\/\/neumetall.hu\/wp-content\/uploads\/2022\/08\/neu-metall-struktur-logo-190-e1670235279336.png\",\"contentUrl\":\"https:\/\/neumetall.hu\/wp-content\/uploads\/2022\/08\/neu-metall-struktur-logo-190-e1670235279336.png\",\"width\":100,\"height\":100,\"caption\":\"Neu Metall-Struktur F\u00e9mipari Kft.\"},\"image\":{\"@id\":\"https:\/\/neumetall.hu\/#\/schema\/logo\/image\/\"},\"sameAs\":[\"https:\/\/www.facebook.com\/Metall.Struktur\"]}]}<\/script>\n<!-- \/ Yoast SEO plugin. -->","yoast_head_json":{"title":"F\u00e9m l\u00e9pcs\u0151k, korl\u00e1tok - Neu Metall-Struktur F\u00e9mipari Kft.","robots":{"index":"index","follow":"follow","max-snippet":"max-snippet:-1","max-image-preview":"max-image-preview:large","max-video-preview":"max-video-preview:-1"},"canonical":"https:\/\/neumetall.hu\/?page_id=3570","og_locale":"hu_HU","og_type":"article","og_title":"F\u00e9m l\u00e9pcs\u0151k, korl\u00e1tok - Neu Metall-Struktur F\u00e9mipari Kft.","og_description":"[vc_row][vc_column][vc_column_text css_animation=&#8221;appear&#8221;]A f\u00e9m l\u00e9pcs\u0151knek sz\u00e1mos megjelen\u00e9si form\u00e1j\u00e1t v\u00e1laszthatjuk. K\u00e9rhet\u00fcnk z\u00e1rtszelv\u00e9nyb\u0151l hegesztett vagy hajl\u00edtott l\u00e9pcs\u0151t, esetleg a hagyom\u00e1nyos st\u00edlust kedvel\u0151k kov\u00e1csolt vasb\u00f3l, vagy az \u00fagynevezett lebeg\u0151 l\u00e9pcs\u0151t, amely azt a l\u00e1tszatot...","og_url":"https:\/\/neumetall.hu\/?page_id=3570","og_site_name":"Neu Metall-Struktur F\u00e9mipari Kft.","article_publisher":"https:\/\/www.facebook.com\/Metall.Struktur","article_modified_time":"2022-12-15T13:17:16+00:00","twitter_card":"summary_large_image","twitter_misc":{"Becs\u00fclt olvas\u00e1si id\u0151":"2 perc"},"schema":{"@context":"https:\/\/schema.org","@graph":[{"@type":"WebPage","@id":"https:\/\/neumetall.hu\/?page_id=3570","url":"https:\/\/neumetall.hu\/?page_id=3570","name":"F\u00e9m l\u00e9pcs\u0151k, korl\u00e1tok - Neu Metall-Struktur F\u00e9mipari Kft.","isPartOf":{"@id":"https:\/\/neumetall.hu\/#website"},"datePublished":"2022-12-04T06:07:44+00:00","dateModified":"2022-12-15T13:17:16+00:00","breadcrumb":{"@id":"https:\/\/neumetall.hu\/?page_id=3570#breadcrumb"},"inLanguage":"hu","potentialAction":[{"@type":"ReadAction","target":["https:\/\/neumetall.hu\/?page_id=3570"]}]},{"@type":"BreadcrumbList","@id":"https:\/\/neumetall.hu\/?page_id=3570#breadcrumb","itemListElement":[{"@type":"ListItem","position":1,"name":"Kezd\u0151lap","item":"https:\/\/neumetall.hu\/"},{"@type":"ListItem","position":2,"name":"Homepage","item":"https:\/\/neumetall.hu\/"},{"@type":"ListItem","position":3,"name":"Szolg\u00e1ltat\u00e1sok","item":"https:\/\/neumetall.hu\/?page_id=3288"},{"@type":"ListItem","position":4,"name":"F\u00e9m l\u00e9pcs\u0151k, korl\u00e1tok"}]},{"@type":"WebSite","@id":"https:\/\/neumetall.hu\/#website","url":"https:\/\/neumetall.hu\/","name":"Neu Metall-Struktur F\u00e9mipari Kft.","description":"F\u00e9mszerkezetek gy\u00e1rt\u00e1sa \u00e9s \u00e9p\u00edt\u00e9se","publisher":{"@id":"https:\/\/neumetall.hu\/#organization"},"potentialAction":[{"@type":"SearchAction","target":{"@type":"EntryPoint","urlTemplate":"https:\/\/neumetall.hu\/?s={search_term_string}"},"query-input":"required name=search_term_string"}],"inLanguage":"hu"},{"@type":"Organization","@id":"https:\/\/neumetall.hu\/#organization","name":"Neu Metall-Struktur F\u00e9mipari Kft.","url":"https:\/\/neumetall.hu\/","logo":{"@type":"ImageObject","inLanguage":"hu","@id":"https:\/\/neumetall.hu\/#\/schema\/logo\/image\/","url":"https:\/\/neumetall.hu\/wp-content\/uploads\/2022\/08\/neu-metall-struktur-logo-190-e1670235279336.png","contentUrl":"https:\/\/neumetall.hu\/wp-content\/uploads\/2022\/08\/neu-metall-struktur-logo-190-e1670235279336.png","width":100,"height":100,"caption":"Neu Metall-Struktur F\u00e9mipari Kft."},"image":{"@id":"https:\/\/neumetall.hu\/#\/schema\/logo\/image\/"},"sameAs":["https:\/\/www.facebook.com\/Metall.Struktur"]}]}},"_links":{"self":[{"href":"https:\/\/neumetall.hu\/index.php?rest_route=\/wp\/v2\/pages\/3570","targetHints":{"allow":["GET"]}}],"collection":[{"href":"https:\/\/neumetall.hu\/index.php?rest_route=\/wp\/v2\/pages"}],"about":[{"href":"https:\/\/neumetall.hu\/index.php?rest_route=\/wp\/v2\/types\/page"}],"author":[{"embeddable":true,"href":"https:\/\/neumetall.hu\/index.php?rest_route=\/wp\/v2\/users\/4"}],"replies":[{"embeddable":true,"href":"https:\/\/neumetall.hu\/index.php?rest_route=%2Fwp%2Fv2%2Fcomments&post=3570"}],"version-history":[{"count":8,"href":"https:\/\/neumetall.hu\/index.php?rest_route=\/wp\/v2\/pages\/3570\/revisions"}],"predecessor-version":[{"id":5562,"href":"https:\/\/neumetall.hu\/index.php?rest_route=\/wp\/v2\/pages\/3570\/revisions\/5562"}],"up":[{"embeddable":true,"href":"https:\/\/neumetall.hu\/index.php?rest_route=\/wp\/v2\/pages\/3288"}],"wp:attachment":[{"href":"https:\/\/neumetall.hu\/index.php?rest_route=%2Fwp%2Fv2%2Fmedia&parent=3570"}],"curies":[{"name":"wp","href":"https:\/\/api.w.org\/{rel}","templated":true}]}}