{"id":3581,"date":"2022-12-04T07:15:55","date_gmt":"2022-12-04T06:15:55","guid":{"rendered":"https:\/\/neumetall.hu\/?page_id=3581"},"modified":"2022-12-15T14:19:25","modified_gmt":"2022-12-15T13:19:25","slug":"lemez-hajlitas-badog-lemez-gyartas-telepites","status":"publish","type":"page","link":"https:\/\/neumetall.hu\/?page_id=3581","title":{"rendered":"Lemez hajl\u00edt\u00e1s, b\u00e1dog lemez gy\u00e1rt\u00e1s, telep\u00edt\u00e9s"},"content":{"rendered":"<p>[vc_row][vc_column][vc_column_text css_animation=&#8221;appear&#8221;]A lemezfeldolgoz\u00e1si folyamatok k\u00f6z\u00fcl, ami a modern form\u00e1z\u00e1si, lemezalak\u00edt\u00e1si technol\u00f3gi\u00e1kat illeti, az egyik leggyakoribb elj\u00e1r\u00e1s a lemezhajl\u00edt\u00e1s, m\u00e1s n\u00e9ven \u00e9lhajl\u00edt\u00e1s. A folyamat nagy pontoss\u00e1got \u00e9s precizit\u00e1st ig\u00e9nyel, ezt a CNC \u00e9lhajl\u00edt\u00f3k teszik lehet\u0151v\u00e9, legyen sz\u00f3 ak\u00e1r egyedi, ak\u00e1r sorozatgy\u00e1rt\u00e1sr\u00f3l. T\u00e1blalemezek \u00e9s lemezalkatr\u00e9szek \u00e9lhajl\u00edt\u00e1sa egyar\u00e1nt v\u00e9gezhet\u0151 modern hidraulikus CNC vez\u00e9rl\u00e9s\u0171 lemezmegmunk\u00e1l\u00f3 g\u00e9pek seg\u00edts\u00e9g\u00e9vel. Lemezhajl\u00edt\u00e1s sor\u00e1n besz\u00e9lhet\u00fcnk az egyszer\u0171 f\u00e9mlemezt\u0151l a kifinomult alkatr\u00e9szekig, alum\u00ednium, rozsdamentes, \u00f6tv\u00f6zetlen \u00e9s \u00f6tv\u00f6z\u00f6tt ac\u00e9l megmunk\u00e1l\u00e1s\u00e1r\u00f3l.[\/vc_column_text][\/vc_column][\/vc_row][vc_row][vc_column][vc_separator][\/vc_column][\/vc_row][vc_row][vc_column width=&#8221;1\/2&#8243;][vc_column_text css_animation=&#8221;appear&#8221;]A b\u00e1doglemezek gy\u00e1rt\u00e1sa sor\u00e1n sz\u00e1mos technol\u00f3gi\u00e1t alkalmazhatunk. A legy\u00e1rtott lemezt el\u0151bb kiegyenes\u00edtj\u00fck, majd a sablon alapj\u00e1n kiv\u00e1gjuk, ezut\u00e1n k\u00f6vetkezik a form\u00e1l\u00e1s, ami lehet egyenget\u00e9s, hajl\u00edt\u00e1s, dombor\u00edt\u00e1s, t\u00e1g\u00edt\u00e1s. A b\u00e1doglemezek k\u00e9sz\u00fclhetnek horganyzott vagy fel\u00fcletkezelt v\u00e1ltozatban. A b\u00e1doglemezek sz\u00e9lesk\u00f6r\u0171 felhaszn\u00e1l\u00e1sra alkalmasak, p\u00e9ld\u00e1ul eresz, ereszcsatorna, lefoly\u00f3, szeglet, k\u00f6ny\u00f6k, csatornatart\u00f3, szeg\u00e9ly, lefoly\u00f3bilincs, v\u00edzgy\u0171jt\u0151, betorkoll\u00f3 is k\u00e9sz\u00fclhet ebb\u0151l az anyagb\u00f3l.[\/vc_column_text][\/vc_column][vc_column width=&#8221;1\/2&#8243;][vc_single_image image=&#8221;5276&#8243; img_size=&#8221;full&#8221; alignment=&#8221;center&#8221; onclick=&#8221;img_link_large&#8221; img_link_target=&#8221;_blank&#8221; css_animation=&#8221;appear&#8221;][\/vc_column][\/vc_row]<\/p>\n","protected":false},"excerpt":{"rendered":"<p>[vc_row][vc_column][vc_column_text css_animation=&#8221;appear&#8221;]A lemezfeldolgoz\u00e1si folyamatok k\u00f6z\u00fcl, ami a modern form\u00e1z\u00e1si, lemezalak\u00edt\u00e1si technol\u00f3gi\u00e1kat illeti, az egyik leggyakoribb elj\u00e1r\u00e1s a lemezhajl\u00edt\u00e1s, m\u00e1s n\u00e9ven \u00e9lhajl\u00edt\u00e1s. A folyamat nagy pontoss\u00e1got \u00e9s precizit\u00e1st ig\u00e9nyel, ezt a&#8230;<\/p>\n","protected":false},"author":4,"featured_media":0,"parent":3288,"menu_order":0,"comment_status":"closed","ping_status":"closed","template":"","meta":{"footnotes":""},"class_list":["post-3581","page","type-page","status-publish","hentry"],"yoast_head":"<!-- This site is optimized with the Yoast SEO plugin v20.2 - https:\/\/yoast.com\/wordpress\/plugins\/seo\/ -->\n<title>Lemez hajl\u00edt\u00e1s, b\u00e1dog lemez gy\u00e1rt\u00e1s, telep\u00edt\u00e9s - Neu Metall-Struktur F\u00e9mipari Kft.<\/title>\n<meta name=\"robots\" content=\"index, follow, max-snippet:-1, max-image-preview:large, max-video-preview:-1\" \/>\n<link rel=\"canonical\" href=\"https:\/\/neumetall.hu\/?page_id=3581\" \/>\n<meta property=\"og:locale\" content=\"hu_HU\" \/>\n<meta property=\"og:type\" content=\"article\" \/>\n<meta property=\"og:title\" content=\"Lemez hajl\u00edt\u00e1s, b\u00e1dog lemez gy\u00e1rt\u00e1s, telep\u00edt\u00e9s - Neu Metall-Struktur F\u00e9mipari Kft.\" \/>\n<meta property=\"og:description\" content=\"[vc_row][vc_column][vc_column_text css_animation=&#8221;appear&#8221;]A lemezfeldolgoz\u00e1si folyamatok k\u00f6z\u00fcl, ami a modern form\u00e1z\u00e1si, lemezalak\u00edt\u00e1si technol\u00f3gi\u00e1kat illeti, az egyik leggyakoribb elj\u00e1r\u00e1s a lemezhajl\u00edt\u00e1s, m\u00e1s n\u00e9ven \u00e9lhajl\u00edt\u00e1s. A folyamat nagy pontoss\u00e1got \u00e9s precizit\u00e1st ig\u00e9nyel, ezt a...\" \/>\n<meta property=\"og:url\" content=\"https:\/\/neumetall.hu\/?page_id=3581\" \/>\n<meta property=\"og:site_name\" content=\"Neu Metall-Struktur F\u00e9mipari Kft.\" \/>\n<meta property=\"article:publisher\" content=\"https:\/\/www.facebook.com\/Metall.Struktur\" \/>\n<meta property=\"article:modified_time\" content=\"2022-12-15T13:19:25+00:00\" \/>\n<meta name=\"twitter:card\" content=\"summary_large_image\" \/>\n<meta name=\"twitter:label1\" content=\"Becs\u00fclt olvas\u00e1si id\u0151\" \/>\n\t<meta name=\"twitter:data1\" content=\"1 perc\" \/>\n<script type=\"application\/ld+json\" class=\"yoast-schema-graph\">{\"@context\":\"https:\/\/schema.org\",\"@graph\":[{\"@type\":\"WebPage\",\"@id\":\"https:\/\/neumetall.hu\/?page_id=3581\",\"url\":\"https:\/\/neumetall.hu\/?page_id=3581\",\"name\":\"Lemez hajl\u00edt\u00e1s, b\u00e1dog lemez gy\u00e1rt\u00e1s, telep\u00edt\u00e9s - Neu Metall-Struktur F\u00e9mipari Kft.\",\"isPartOf\":{\"@id\":\"https:\/\/neumetall.hu\/#website\"},\"datePublished\":\"2022-12-04T06:15:55+00:00\",\"dateModified\":\"2022-12-15T13:19:25+00:00\",\"breadcrumb\":{\"@id\":\"https:\/\/neumetall.hu\/?page_id=3581#breadcrumb\"},\"inLanguage\":\"hu\",\"potentialAction\":[{\"@type\":\"ReadAction\",\"target\":[\"https:\/\/neumetall.hu\/?page_id=3581\"]}]},{\"@type\":\"BreadcrumbList\",\"@id\":\"https:\/\/neumetall.hu\/?page_id=3581#breadcrumb\",\"itemListElement\":[{\"@type\":\"ListItem\",\"position\":1,\"name\":\"Kezd\u0151lap\",\"item\":\"https:\/\/neumetall.hu\/\"},{\"@type\":\"ListItem\",\"position\":2,\"name\":\"Homepage\",\"item\":\"https:\/\/neumetall.hu\/\"},{\"@type\":\"ListItem\",\"position\":3,\"name\":\"Szolg\u00e1ltat\u00e1sok\",\"item\":\"https:\/\/neumetall.hu\/?page_id=3288\"},{\"@type\":\"ListItem\",\"position\":4,\"name\":\"Lemez hajl\u00edt\u00e1s, b\u00e1dog lemez gy\u00e1rt\u00e1s, telep\u00edt\u00e9s\"}]},{\"@type\":\"WebSite\",\"@id\":\"https:\/\/neumetall.hu\/#website\",\"url\":\"https:\/\/neumetall.hu\/\",\"name\":\"Neu Metall-Struktur F\u00e9mipari Kft.\",\"description\":\"F\u00e9mszerkezetek gy\u00e1rt\u00e1sa \u00e9s \u00e9p\u00edt\u00e9se\",\"publisher\":{\"@id\":\"https:\/\/neumetall.hu\/#organization\"},\"potentialAction\":[{\"@type\":\"SearchAction\",\"target\":{\"@type\":\"EntryPoint\",\"urlTemplate\":\"https:\/\/neumetall.hu\/?s={search_term_string}\"},\"query-input\":\"required name=search_term_string\"}],\"inLanguage\":\"hu\"},{\"@type\":\"Organization\",\"@id\":\"https:\/\/neumetall.hu\/#organization\",\"name\":\"Neu Metall-Struktur F\u00e9mipari Kft.\",\"url\":\"https:\/\/neumetall.hu\/\",\"logo\":{\"@type\":\"ImageObject\",\"inLanguage\":\"hu\",\"@id\":\"https:\/\/neumetall.hu\/#\/schema\/logo\/image\/\",\"url\":\"https:\/\/neumetall.hu\/wp-content\/uploads\/2022\/08\/neu-metall-struktur-logo-190-e1670235279336.png\",\"contentUrl\":\"https:\/\/neumetall.hu\/wp-content\/uploads\/2022\/08\/neu-metall-struktur-logo-190-e1670235279336.png\",\"width\":100,\"height\":100,\"caption\":\"Neu Metall-Struktur F\u00e9mipari Kft.\"},\"image\":{\"@id\":\"https:\/\/neumetall.hu\/#\/schema\/logo\/image\/\"},\"sameAs\":[\"https:\/\/www.facebook.com\/Metall.Struktur\"]}]}<\/script>\n<!-- \/ Yoast SEO plugin. -->","yoast_head_json":{"title":"Lemez hajl\u00edt\u00e1s, b\u00e1dog lemez gy\u00e1rt\u00e1s, telep\u00edt\u00e9s - Neu Metall-Struktur F\u00e9mipari Kft.","robots":{"index":"index","follow":"follow","max-snippet":"max-snippet:-1","max-image-preview":"max-image-preview:large","max-video-preview":"max-video-preview:-1"},"canonical":"https:\/\/neumetall.hu\/?page_id=3581","og_locale":"hu_HU","og_type":"article","og_title":"Lemez hajl\u00edt\u00e1s, b\u00e1dog lemez gy\u00e1rt\u00e1s, telep\u00edt\u00e9s - Neu Metall-Struktur F\u00e9mipari Kft.","og_description":"[vc_row][vc_column][vc_column_text css_animation=&#8221;appear&#8221;]A lemezfeldolgoz\u00e1si folyamatok k\u00f6z\u00fcl, ami a modern form\u00e1z\u00e1si, lemezalak\u00edt\u00e1si technol\u00f3gi\u00e1kat illeti, az egyik leggyakoribb elj\u00e1r\u00e1s a lemezhajl\u00edt\u00e1s, m\u00e1s n\u00e9ven \u00e9lhajl\u00edt\u00e1s. A folyamat nagy pontoss\u00e1got \u00e9s precizit\u00e1st ig\u00e9nyel, ezt a...","og_url":"https:\/\/neumetall.hu\/?page_id=3581","og_site_name":"Neu Metall-Struktur F\u00e9mipari Kft.","article_publisher":"https:\/\/www.facebook.com\/Metall.Struktur","article_modified_time":"2022-12-15T13:19:25+00:00","twitter_card":"summary_large_image","twitter_misc":{"Becs\u00fclt olvas\u00e1si id\u0151":"1 perc"},"schema":{"@context":"https:\/\/schema.org","@graph":[{"@type":"WebPage","@id":"https:\/\/neumetall.hu\/?page_id=3581","url":"https:\/\/neumetall.hu\/?page_id=3581","name":"Lemez hajl\u00edt\u00e1s, b\u00e1dog lemez gy\u00e1rt\u00e1s, telep\u00edt\u00e9s - Neu Metall-Struktur F\u00e9mipari Kft.","isPartOf":{"@id":"https:\/\/neumetall.hu\/#website"},"datePublished":"2022-12-04T06:15:55+00:00","dateModified":"2022-12-15T13:19:25+00:00","breadcrumb":{"@id":"https:\/\/neumetall.hu\/?page_id=3581#breadcrumb"},"inLanguage":"hu","potentialAction":[{"@type":"ReadAction","target":["https:\/\/neumetall.hu\/?page_id=3581"]}]},{"@type":"BreadcrumbList","@id":"https:\/\/neumetall.hu\/?page_id=3581#breadcrumb","itemListElement":[{"@type":"ListItem","position":1,"name":"Kezd\u0151lap","item":"https:\/\/neumetall.hu\/"},{"@type":"ListItem","position":2,"name":"Homepage","item":"https:\/\/neumetall.hu\/"},{"@type":"ListItem","position":3,"name":"Szolg\u00e1ltat\u00e1sok","item":"https:\/\/neumetall.hu\/?page_id=3288"},{"@type":"ListItem","position":4,"name":"Lemez hajl\u00edt\u00e1s, b\u00e1dog lemez gy\u00e1rt\u00e1s, telep\u00edt\u00e9s"}]},{"@type":"WebSite","@id":"https:\/\/neumetall.hu\/#website","url":"https:\/\/neumetall.hu\/","name":"Neu Metall-Struktur F\u00e9mipari Kft.","description":"F\u00e9mszerkezetek gy\u00e1rt\u00e1sa \u00e9s \u00e9p\u00edt\u00e9se","publisher":{"@id":"https:\/\/neumetall.hu\/#organization"},"potentialAction":[{"@type":"SearchAction","target":{"@type":"EntryPoint","urlTemplate":"https:\/\/neumetall.hu\/?s={search_term_string}"},"query-input":"required name=search_term_string"}],"inLanguage":"hu"},{"@type":"Organization","@id":"https:\/\/neumetall.hu\/#organization","name":"Neu Metall-Struktur F\u00e9mipari Kft.","url":"https:\/\/neumetall.hu\/","logo":{"@type":"ImageObject","inLanguage":"hu","@id":"https:\/\/neumetall.hu\/#\/schema\/logo\/image\/","url":"https:\/\/neumetall.hu\/wp-content\/uploads\/2022\/08\/neu-metall-struktur-logo-190-e1670235279336.png","contentUrl":"https:\/\/neumetall.hu\/wp-content\/uploads\/2022\/08\/neu-metall-struktur-logo-190-e1670235279336.png","width":100,"height":100,"caption":"Neu Metall-Struktur F\u00e9mipari Kft."},"image":{"@id":"https:\/\/neumetall.hu\/#\/schema\/logo\/image\/"},"sameAs":["https:\/\/www.facebook.com\/Metall.Struktur"]}]}},"_links":{"self":[{"href":"https:\/\/neumetall.hu\/index.php?rest_route=\/wp\/v2\/pages\/3581","targetHints":{"allow":["GET"]}}],"collection":[{"href":"https:\/\/neumetall.hu\/index.php?rest_route=\/wp\/v2\/pages"}],"about":[{"href":"https:\/\/neumetall.hu\/index.php?rest_route=\/wp\/v2\/types\/page"}],"author":[{"embeddable":true,"href":"https:\/\/neumetall.hu\/index.php?rest_route=\/wp\/v2\/users\/4"}],"replies":[{"embeddable":true,"href":"https:\/\/neumetall.hu\/index.php?rest_route=%2Fwp%2Fv2%2Fcomments&post=3581"}],"version-history":[{"count":4,"href":"https:\/\/neumetall.hu\/index.php?rest_route=\/wp\/v2\/pages\/3581\/revisions"}],"predecessor-version":[{"id":5565,"href":"https:\/\/neumetall.hu\/index.php?rest_route=\/wp\/v2\/pages\/3581\/revisions\/5565"}],"up":[{"embeddable":true,"href":"https:\/\/neumetall.hu\/index.php?rest_route=\/wp\/v2\/pages\/3288"}],"wp:attachment":[{"href":"https:\/\/neumetall.hu\/index.php?rest_route=%2Fwp%2Fv2%2Fmedia&parent=3581"}],"curies":[{"name":"wp","href":"https:\/\/api.w.org\/{rel}","templated":true}]}}