{"id":5315,"date":"2022-12-08T12:00:00","date_gmt":"2022-12-08T11:00:00","guid":{"rendered":"https:\/\/neumetall.hu\/?page_id=5315"},"modified":"2023-02-11T17:46:48","modified_gmt":"2023-02-11T16:46:48","slug":"plazma-es-lezervagas-galeria","status":"publish","type":"page","link":"https:\/\/neumetall.hu\/?page_id=5315","title":{"rendered":"Plazma \u00e9s l\u00e9zerv\u00e1g\u00e1s &#8211; gal\u00e9ria"},"content":{"rendered":"<div class=\"rl-gallery-container rl-loading\" id=\"rl-gallery-container-1\" data-gallery_id=\"4568\"> <div class=\"rl-gallery rl-basicmasonry-gallery \" id=\"rl-gallery-1\" data-gallery_no=\"1\"> <div class=\"rl-gutter-sizer\"><\/div><div class=\"rl-grid-sizer\"><\/div> <div class=\"rl-gallery-item rl-gallery-item-width-4\" > <div class=\"rl-gallery-item-content\"> <a href=\"https:\/\/neumetall.hu\/wp-content\/uploads\/2023\/02\/20221216_111926-scaled.jpg\" title=\"\" data-rl_title=\"\" class=\"rl-gallery-link\" data-rl_caption=\"\" data-rel=\"lightbox-gallery-1\"><img loading=\"lazy\" decoding=\"async\" src=\"https:\/\/neumetall.hu\/wp-content\/uploads\/2023\/02\/20221216_111926-scaled.jpg\" width=\"2560\" height=\"1920\" alt=\"\" \/><\/a> <\/div> <\/div> <div class=\"rl-gallery-item\" > <div class=\"rl-gallery-item-content\"> <a href=\"https:\/\/neumetall.hu\/wp-content\/uploads\/2023\/02\/20221216_111948-scaled.jpg\" title=\"\" data-rl_title=\"\" class=\"rl-gallery-link\" data-rl_caption=\"\" data-rel=\"lightbox-gallery-1\"><img loading=\"lazy\" decoding=\"async\" src=\"https:\/\/neumetall.hu\/wp-content\/uploads\/2023\/02\/20221216_111948-scaled.jpg\" width=\"2560\" height=\"1920\" alt=\"\" \/><\/a> <\/div> <\/div> <div class=\"rl-gallery-item\" > <div class=\"rl-gallery-item-content\"> <a href=\"https:\/\/neumetall.hu\/wp-content\/uploads\/2023\/02\/20221216_112007-scaled.jpg\" title=\"\" data-rl_title=\"\" class=\"rl-gallery-link\" data-rl_caption=\"\" data-rel=\"lightbox-gallery-1\"><img loading=\"lazy\" decoding=\"async\" src=\"https:\/\/neumetall.hu\/wp-content\/uploads\/2023\/02\/20221216_112007-scaled.jpg\" width=\"2560\" height=\"1920\" alt=\"\" \/><\/a> <\/div> <\/div> <\/div> <\/div>\n","protected":false},"excerpt":{"rendered":"","protected":false},"author":4,"featured_media":5674,"parent":0,"menu_order":0,"comment_status":"closed","ping_status":"closed","template":"","meta":{"footnotes":""},"class_list":["post-5315","page","type-page","status-publish","has-post-thumbnail","hentry"],"yoast_head":"<!-- This site is optimized with the Yoast SEO plugin v20.2 - https:\/\/yoast.com\/wordpress\/plugins\/seo\/ -->\n<title>Plazma \u00e9s l\u00e9zerv\u00e1g\u00e1s - gal\u00e9ria - Neu Metall-Struktur F\u00e9mipari Kft.<\/title>\n<meta name=\"robots\" content=\"index, follow, max-snippet:-1, max-image-preview:large, max-video-preview:-1\" \/>\n<link rel=\"canonical\" href=\"https:\/\/neumetall.hu\/?page_id=5315\" \/>\n<meta property=\"og:locale\" content=\"hu_HU\" \/>\n<meta property=\"og:type\" content=\"article\" \/>\n<meta property=\"og:title\" content=\"Plazma \u00e9s l\u00e9zerv\u00e1g\u00e1s - gal\u00e9ria - Neu Metall-Struktur F\u00e9mipari Kft.\" \/>\n<meta property=\"og:url\" content=\"https:\/\/neumetall.hu\/?page_id=5315\" \/>\n<meta property=\"og:site_name\" content=\"Neu Metall-Struktur F\u00e9mipari Kft.\" \/>\n<meta property=\"article:publisher\" content=\"https:\/\/www.facebook.com\/Metall.Struktur\" \/>\n<meta property=\"article:modified_time\" content=\"2023-02-11T16:46:48+00:00\" \/>\n<meta property=\"og:image\" content=\"https:\/\/neumetall.hu\/wp-content\/uploads\/2023\/02\/20221216_112007-scaled.jpg\" \/>\n\t<meta property=\"og:image:width\" content=\"2560\" \/>\n\t<meta property=\"og:image:height\" content=\"1920\" \/>\n\t<meta property=\"og:image:type\" content=\"image\/jpeg\" \/>\n<meta name=\"twitter:card\" content=\"summary_large_image\" \/>\n<meta name=\"twitter:label1\" content=\"Becs\u00fclt olvas\u00e1si id\u0151\" \/>\n\t<meta name=\"twitter:data1\" content=\"1 perc\" \/>\n<script type=\"application\/ld+json\" class=\"yoast-schema-graph\">{\"@context\":\"https:\/\/schema.org\",\"@graph\":[{\"@type\":\"WebPage\",\"@id\":\"https:\/\/neumetall.hu\/?page_id=5315\",\"url\":\"https:\/\/neumetall.hu\/?page_id=5315\",\"name\":\"Plazma \u00e9s l\u00e9zerv\u00e1g\u00e1s - gal\u00e9ria - Neu Metall-Struktur F\u00e9mipari Kft.\",\"isPartOf\":{\"@id\":\"https:\/\/neumetall.hu\/#website\"},\"datePublished\":\"2022-12-08T11:00:00+00:00\",\"dateModified\":\"2023-02-11T16:46:48+00:00\",\"breadcrumb\":{\"@id\":\"https:\/\/neumetall.hu\/?page_id=5315#breadcrumb\"},\"inLanguage\":\"hu\",\"potentialAction\":[{\"@type\":\"ReadAction\",\"target\":[\"https:\/\/neumetall.hu\/?page_id=5315\"]}]},{\"@type\":\"BreadcrumbList\",\"@id\":\"https:\/\/neumetall.hu\/?page_id=5315#breadcrumb\",\"itemListElement\":[{\"@type\":\"ListItem\",\"position\":1,\"name\":\"Kezd\u0151lap\",\"item\":\"https:\/\/neumetall.hu\/\"},{\"@type\":\"ListItem\",\"position\":2,\"name\":\"Plazma \u00e9s l\u00e9zerv\u00e1g\u00e1s &#8211; gal\u00e9ria\"}]},{\"@type\":\"WebSite\",\"@id\":\"https:\/\/neumetall.hu\/#website\",\"url\":\"https:\/\/neumetall.hu\/\",\"name\":\"Neu Metall-Struktur F\u00e9mipari Kft.\",\"description\":\"F\u00e9mszerkezetek gy\u00e1rt\u00e1sa \u00e9s \u00e9p\u00edt\u00e9se\",\"publisher\":{\"@id\":\"https:\/\/neumetall.hu\/#organization\"},\"potentialAction\":[{\"@type\":\"SearchAction\",\"target\":{\"@type\":\"EntryPoint\",\"urlTemplate\":\"https:\/\/neumetall.hu\/?s={search_term_string}\"},\"query-input\":\"required name=search_term_string\"}],\"inLanguage\":\"hu\"},{\"@type\":\"Organization\",\"@id\":\"https:\/\/neumetall.hu\/#organization\",\"name\":\"Neu Metall-Struktur F\u00e9mipari Kft.\",\"url\":\"https:\/\/neumetall.hu\/\",\"logo\":{\"@type\":\"ImageObject\",\"inLanguage\":\"hu\",\"@id\":\"https:\/\/neumetall.hu\/#\/schema\/logo\/image\/\",\"url\":\"https:\/\/neumetall.hu\/wp-content\/uploads\/2022\/08\/neu-metall-struktur-logo-190-e1670235279336.png\",\"contentUrl\":\"https:\/\/neumetall.hu\/wp-content\/uploads\/2022\/08\/neu-metall-struktur-logo-190-e1670235279336.png\",\"width\":100,\"height\":100,\"caption\":\"Neu Metall-Struktur F\u00e9mipari Kft.\"},\"image\":{\"@id\":\"https:\/\/neumetall.hu\/#\/schema\/logo\/image\/\"},\"sameAs\":[\"https:\/\/www.facebook.com\/Metall.Struktur\"]}]}<\/script>\n<!-- \/ Yoast SEO plugin. -->","yoast_head_json":{"title":"Plazma \u00e9s l\u00e9zerv\u00e1g\u00e1s - gal\u00e9ria - Neu Metall-Struktur F\u00e9mipari Kft.","robots":{"index":"index","follow":"follow","max-snippet":"max-snippet:-1","max-image-preview":"max-image-preview:large","max-video-preview":"max-video-preview:-1"},"canonical":"https:\/\/neumetall.hu\/?page_id=5315","og_locale":"hu_HU","og_type":"article","og_title":"Plazma \u00e9s l\u00e9zerv\u00e1g\u00e1s - gal\u00e9ria - Neu Metall-Struktur F\u00e9mipari Kft.","og_url":"https:\/\/neumetall.hu\/?page_id=5315","og_site_name":"Neu Metall-Struktur F\u00e9mipari Kft.","article_publisher":"https:\/\/www.facebook.com\/Metall.Struktur","article_modified_time":"2023-02-11T16:46:48+00:00","og_image":[{"width":2560,"height":1920,"url":"https:\/\/neumetall.hu\/wp-content\/uploads\/2023\/02\/20221216_112007-scaled.jpg","type":"image\/jpeg"}],"twitter_card":"summary_large_image","twitter_misc":{"Becs\u00fclt olvas\u00e1si id\u0151":"1 perc"},"schema":{"@context":"https:\/\/schema.org","@graph":[{"@type":"WebPage","@id":"https:\/\/neumetall.hu\/?page_id=5315","url":"https:\/\/neumetall.hu\/?page_id=5315","name":"Plazma \u00e9s l\u00e9zerv\u00e1g\u00e1s - gal\u00e9ria - Neu Metall-Struktur F\u00e9mipari Kft.","isPartOf":{"@id":"https:\/\/neumetall.hu\/#website"},"datePublished":"2022-12-08T11:00:00+00:00","dateModified":"2023-02-11T16:46:48+00:00","breadcrumb":{"@id":"https:\/\/neumetall.hu\/?page_id=5315#breadcrumb"},"inLanguage":"hu","potentialAction":[{"@type":"ReadAction","target":["https:\/\/neumetall.hu\/?page_id=5315"]}]},{"@type":"BreadcrumbList","@id":"https:\/\/neumetall.hu\/?page_id=5315#breadcrumb","itemListElement":[{"@type":"ListItem","position":1,"name":"Kezd\u0151lap","item":"https:\/\/neumetall.hu\/"},{"@type":"ListItem","position":2,"name":"Plazma \u00e9s l\u00e9zerv\u00e1g\u00e1s &#8211; gal\u00e9ria"}]},{"@type":"WebSite","@id":"https:\/\/neumetall.hu\/#website","url":"https:\/\/neumetall.hu\/","name":"Neu Metall-Struktur F\u00e9mipari Kft.","description":"F\u00e9mszerkezetek gy\u00e1rt\u00e1sa \u00e9s \u00e9p\u00edt\u00e9se","publisher":{"@id":"https:\/\/neumetall.hu\/#organization"},"potentialAction":[{"@type":"SearchAction","target":{"@type":"EntryPoint","urlTemplate":"https:\/\/neumetall.hu\/?s={search_term_string}"},"query-input":"required name=search_term_string"}],"inLanguage":"hu"},{"@type":"Organization","@id":"https:\/\/neumetall.hu\/#organization","name":"Neu Metall-Struktur F\u00e9mipari Kft.","url":"https:\/\/neumetall.hu\/","logo":{"@type":"ImageObject","inLanguage":"hu","@id":"https:\/\/neumetall.hu\/#\/schema\/logo\/image\/","url":"https:\/\/neumetall.hu\/wp-content\/uploads\/2022\/08\/neu-metall-struktur-logo-190-e1670235279336.png","contentUrl":"https:\/\/neumetall.hu\/wp-content\/uploads\/2022\/08\/neu-metall-struktur-logo-190-e1670235279336.png","width":100,"height":100,"caption":"Neu Metall-Struktur F\u00e9mipari Kft."},"image":{"@id":"https:\/\/neumetall.hu\/#\/schema\/logo\/image\/"},"sameAs":["https:\/\/www.facebook.com\/Metall.Struktur"]}]}},"_links":{"self":[{"href":"https:\/\/neumetall.hu\/index.php?rest_route=\/wp\/v2\/pages\/5315","targetHints":{"allow":["GET"]}}],"collection":[{"href":"https:\/\/neumetall.hu\/index.php?rest_route=\/wp\/v2\/pages"}],"about":[{"href":"https:\/\/neumetall.hu\/index.php?rest_route=\/wp\/v2\/types\/page"}],"author":[{"embeddable":true,"href":"https:\/\/neumetall.hu\/index.php?rest_route=\/wp\/v2\/users\/4"}],"replies":[{"embeddable":true,"href":"https:\/\/neumetall.hu\/index.php?rest_route=%2Fwp%2Fv2%2Fcomments&post=5315"}],"version-history":[{"count":2,"href":"https:\/\/neumetall.hu\/index.php?rest_route=\/wp\/v2\/pages\/5315\/revisions"}],"predecessor-version":[{"id":5679,"href":"https:\/\/neumetall.hu\/index.php?rest_route=\/wp\/v2\/pages\/5315\/revisions\/5679"}],"wp:featuredmedia":[{"embeddable":true,"href":"https:\/\/neumetall.hu\/index.php?rest_route=\/wp\/v2\/media\/5674"}],"wp:attachment":[{"href":"https:\/\/neumetall.hu\/index.php?rest_route=%2Fwp%2Fv2%2Fmedia&parent=5315"}],"curies":[{"name":"wp","href":"https:\/\/api.w.org\/{rel}","templated":true}]}}